{"id":560,"date":"2019-05-28T12:40:01","date_gmt":"2019-05-28T12:40:01","guid":{"rendered":"https:\/\/evicominfo.md\/politika-konfidencialnosti\/"},"modified":"2019-08-03T11:53:10","modified_gmt":"2019-08-03T08:53:10","slug":"politica-de-utilizare-cookie-uri","status":"publish","type":"page","link":"https:\/\/evicominfo.md\/ro\/politica-de-utilizare-cookie-uri\/","title":{"rendered":"Politica de utilizare cookie-uri"},"content":{"rendered":"<h3>Ce se \u00een\u021belege prin cookie-uri?<\/h3>\n<p>Cookie-ul este un fi\u015fier text de mici dimensiuni pe care un site \u00eel salveaz\u0103 \u00een calculatorul sau dispozitivul dumneavoastr\u0103 mobil atunci c\u00e2nd \u00eel vizita\u0163i. Datorit\u0103 cookie-urilor, site-ul re\u0163ine, pe o perioad\u0103 de timp, ac\u0163iunile \u015fi preferin\u0163ele dumneavoastr\u0103 (login, limb\u0103, dimensiunea caracterelor \u015fi alte preferin\u0163e de afi\u015fare). Astfel nu mai trebuie s\u0103 le reintroduce\u0163i ori de c\u00e2te ori reveni\u0163i la site sau naviga\u0163i de pe o pagin\u0103 pe alta.<\/p>\n<h3>Cum se folosesc cookie-urile?<\/h3>\n<p>O parte din paginile noastre utilizeaz\u0103 cookie-urile pentru a re\u0163ine:<\/p>\n<ul>\n<li>preferin\u0163ele dumneavoastr\u0103 de afi\u015fare<\/li>\n<li>dac\u0103 a\u0163i r\u0103spuns la un sondaj pop-up privind utilitatea con\u0163inutului (pentru a nu fi \u00eentrebat din nou)<\/li>\n<li>dac\u0103 a\u0163i acceptat (sau nu) utilizarea cookie-urilor pe site.<\/li>\n<\/ul>\n<p>Modulele cookie sunt p\u0103strate \u0219i de serviciul administrativ Google Analytics, care m\u0103soar\u0103 eficien\u021ba \u0219i eficacitatea site-urilor Comisiei Europene de pe portalul EUROPA.<\/p>\n<p>Activarea cookie-urilor nu este strict necesar\u0103 pentru func\u0163ionarea site-ului, dar v\u0103 poate \u00eembun\u0103t\u0103\u0163i experien\u0163a de navigare. Pute\u0163i \u015fterge sau bloca cookie-urile \u00eens\u0103, dac\u0103 face\u0163i acest lucru, s-ar putea ca anumite caracteristici ale site-ului s\u0103 nu func\u0163ioneze corespunz\u0103tor.<\/p>\n<p>Informa\u0163iile asociate cookie-urilor\u00a0<strong>nu sunt utilizate pentru a v\u0103 identifica personal<\/strong>. \u00cen plus, \u0163inem sub control datele referitoare la preferin\u0163ele dumneavoastr\u0103 de navigare. Cookie-urile nu sunt folosite \u00een alte scopuri dec\u00e2t cele descrise aici.<\/p>\n<p><strong>Session Cookies<\/strong><\/p>\n<table class=\"table\" border=\"1\" cellspacing=\"0\" cellpadding=\"5\">\n<tbody>\n<tr>\n<td>Denumirea lui<\/td>\n<td>Provider<\/td>\n<td>Scopul lui<\/td>\n<td>Data expirarii<\/td>\n<td>Tipul lui<\/td>\n<\/tr>\n<tr>\n<td>_gat<\/td>\n<td>.evicominfo.md<\/td>\n<td>Limiteaz\u0103 frecven\u021ba cererilor. Dac\u0103 este implementat suportul Google Analytics utiliz\u00e2nd Managerul de etichete Google, fi\u0219ierul va fi denumit _dc_gtm_&lt;property-id&gt;.<\/td>\n<td>1 min.<\/td>\n<td>HTTP Cookie<\/td>\n<\/tr>\n<\/tbody>\n<\/table>\n<p>&nbsp;<\/p>\n<p><strong>Stored Cookies<\/strong><\/p>\n<table class=\"table\" border=\"1\" cellspacing=\"0\" cellpadding=\"5\">\n<tbody>\n<tr>\n<td>Denumirea lui<\/td>\n<td>Provider<\/td>\n<td>Scopul lui<\/td>\n<td>Data expirarii<\/td>\n<td>Tipul lui<\/td>\n<\/tr>\n<tr>\n<td>_ga<\/td>\n<td>.evicominfo.md<\/td>\n<td>Registers a unique ID that is used to generate statistical data on how the visitor uses the website.<\/td>\n<td>2 ani<\/td>\n<td>Tracking-Cookie<\/td>\n<\/tr>\n<tr>\n<td>_gid<\/td>\n<td>.evicominfo.md<\/td>\n<td>Registers a unique ID that is used to generate statistical data on how the visitor uses the website.<\/td>\n<td>24 de ore<\/td>\n<td>Tracking-Cookie<\/td>\n<\/tr>\n<\/tbody>\n<\/table>\n<h3><\/h3>\n<h3>Cum pute\u0163i controla cookie-urile?<\/h3>\n<p>Pute\u0163i controla \u015fi\/sau \u015fterge cookie-urile dup\u0103 cum dori\u0163i \u2013 pentru detalii, consulta\u0163i site-ul\u00a0<a href=\"https:\/\/www.aboutcookies.org\/\" target=\"_blank\" rel=\"noopener noreferrer\">aboutcookies.org<\/a>. Pute\u021bi \u0219terge toate cookie-urile din calculatorul dumneavoastr\u0103 \u0219i pute\u021bi seta majoritatea browserelor s\u0103 blocheze plasarea acestora. Dac\u0103 face\u0163i acest lucru, este posibil s\u0103 fi\u0163i nevoit s\u0103 seta\u0163i manual unele preferin\u0163e, de fiecare dat\u0103 c\u00e2nd vizita\u0163i site-ul. De asemenea, s-ar putea ca unele servicii sau op\u0163iuni s\u0103 nu func\u0163ioneze.<\/p>\n","protected":false},"excerpt":{"rendered":"<p>Ce se \u00een\u021belege prin cookie-uri? Cookie-ul este un fi\u015fier text de mici dimensiuni pe care un site \u00eel salveaz\u0103 \u00een calculatorul sau dispozitivul dumneavoastr\u0103 mobil atunci c\u00e2nd \u00eel vizita\u0163i. Datorit\u0103 cookie-urilor, site-ul re\u0163ine, pe o perioad\u0103 de timp, ac\u0163iunile \u015fi preferin\u0163ele dumneavoastr\u0103 (login, limb\u0103, dimensiunea caracterelor \u015fi alte preferin\u0163e de afi\u015fare). Astfel nu mai trebuie [&hellip;]<\/p>\n","protected":false},"author":1,"featured_media":0,"parent":0,"menu_order":0,"comment_status":"closed","ping_status":"closed","template":"","meta":{"footnotes":""},"yoast_head":"<!-- This site is optimized with the Yoast SEO plugin v23.5 - https:\/\/yoast.com\/wordpress\/plugins\/seo\/ -->\n<title>Politica de utilizare cookie-uri - EvicomInfo<\/title>\n<meta name=\"description\" content=\"EvicomInfo\" \/>\n<meta name=\"robots\" content=\"index, follow, max-snippet:-1, max-image-preview:large, max-video-preview:-1\" \/>\n<link rel=\"canonical\" href=\"https:\/\/evicominfo.md\/ro\/politica-de-utilizare-cookie-uri\/\" \/>\n<meta property=\"og:locale\" content=\"ro_RO\" \/>\n<meta property=\"og:type\" content=\"article\" \/>\n<meta property=\"og:title\" content=\"Politica de utilizare cookie-uri - EvicomInfo\" \/>\n<meta property=\"og:description\" content=\"EvicomInfo\" \/>\n<meta property=\"og:url\" content=\"https:\/\/evicominfo.md\/ro\/politica-de-utilizare-cookie-uri\/\" \/>\n<meta property=\"og:site_name\" content=\"EvicomInfo\" \/>\n<meta property=\"article:publisher\" content=\"https:\/\/www.facebook.com\/evicominfo\" \/>\n<meta property=\"article:modified_time\" content=\"2019-08-03T08:53:10+00:00\" \/>\n<meta property=\"og:image\" content=\"https:\/\/evicominfo.md\/wp-content\/uploads\/2021\/03\/screenshot.png\" \/>\n\t<meta property=\"og:image:width\" content=\"1164\" \/>\n\t<meta property=\"og:image:height\" content=\"714\" \/>\n\t<meta property=\"og:image:type\" content=\"image\/png\" \/>\n<script type=\"application\/ld+json\" class=\"yoast-schema-graph\">{\"@context\":\"https:\/\/schema.org\",\"@graph\":[{\"@type\":\"WebPage\",\"@id\":\"https:\/\/evicominfo.md\/ro\/politica-de-utilizare-cookie-uri\/\",\"url\":\"https:\/\/evicominfo.md\/ro\/politica-de-utilizare-cookie-uri\/\",\"name\":\"Politica de utilizare cookie-uri - EvicomInfo\",\"isPartOf\":{\"@id\":\"https:\/\/evicominfo.md\/#website\"},\"datePublished\":\"2019-05-28T12:40:01+00:00\",\"dateModified\":\"2019-08-03T08:53:10+00:00\",\"description\":\"EvicomInfo\",\"breadcrumb\":{\"@id\":\"https:\/\/evicominfo.md\/ro\/politica-de-utilizare-cookie-uri\/#breadcrumb\"},\"inLanguage\":\"ro-RO\",\"potentialAction\":[{\"@type\":\"ReadAction\",\"target\":[\"https:\/\/evicominfo.md\/ro\/politica-de-utilizare-cookie-uri\/\"]}]},{\"@type\":\"BreadcrumbList\",\"@id\":\"https:\/\/evicominfo.md\/ro\/politica-de-utilizare-cookie-uri\/#breadcrumb\",\"itemListElement\":[{\"@type\":\"ListItem\",\"position\":1,\"name\":\"Home\",\"item\":\"https:\/\/evicominfo.md\/ro\/evicominfo\/\"},{\"@type\":\"ListItem\",\"position\":2,\"name\":\"Politica de utilizare cookie-uri\"}]},{\"@type\":\"WebSite\",\"@id\":\"https:\/\/evicominfo.md\/#website\",\"url\":\"https:\/\/evicominfo.md\/\",\"name\":\"EvicomInfo\",\"description\":\"\u0420\u0435\u043a\u043b\u0430\u043c\u043d\u043e\u0435 \u0430\u0433\u0435\u043d\u0442\u0441\u0442\u0432\u043e\",\"publisher\":{\"@id\":\"https:\/\/evicominfo.md\/#organization\"},\"potentialAction\":[{\"@type\":\"SearchAction\",\"target\":{\"@type\":\"EntryPoint\",\"urlTemplate\":\"https:\/\/evicominfo.md\/?s={search_term_string}\"},\"query-input\":{\"@type\":\"PropertyValueSpecification\",\"valueRequired\":true,\"valueName\":\"search_term_string\"}}],\"inLanguage\":\"ro-RO\"},{\"@type\":\"Organization\",\"@id\":\"https:\/\/evicominfo.md\/#organization\",\"name\":\"Evicominfo\",\"url\":\"https:\/\/evicominfo.md\/\",\"logo\":{\"@type\":\"ImageObject\",\"inLanguage\":\"ro-RO\",\"@id\":\"https:\/\/evicominfo.md\/#\/schema\/logo\/image\/\",\"url\":\"https:\/\/evicominfo.md\/wp-content\/uploads\/2020\/01\/logo.png\",\"contentUrl\":\"https:\/\/evicominfo.md\/wp-content\/uploads\/2020\/01\/logo.png\",\"width\":500,\"height\":165,\"caption\":\"Evicominfo\"},\"image\":{\"@id\":\"https:\/\/evicominfo.md\/#\/schema\/logo\/image\/\"},\"sameAs\":[\"https:\/\/www.facebook.com\/evicominfo\",\"https:\/\/www.instagram.com\/evicominfo\/\"]}]}<\/script>\n<!-- \/ Yoast SEO plugin. -->","yoast_head_json":{"title":"Politica de utilizare cookie-uri - EvicomInfo","description":"EvicomInfo","robots":{"index":"index","follow":"follow","max-snippet":"max-snippet:-1","max-image-preview":"max-image-preview:large","max-video-preview":"max-video-preview:-1"},"canonical":"https:\/\/evicominfo.md\/ro\/politica-de-utilizare-cookie-uri\/","og_locale":"ro_RO","og_type":"article","og_title":"Politica de utilizare cookie-uri - EvicomInfo","og_description":"EvicomInfo","og_url":"https:\/\/evicominfo.md\/ro\/politica-de-utilizare-cookie-uri\/","og_site_name":"EvicomInfo","article_publisher":"https:\/\/www.facebook.com\/evicominfo","article_modified_time":"2019-08-03T08:53:10+00:00","og_image":[{"width":1164,"height":714,"url":"https:\/\/evicominfo.md\/wp-content\/uploads\/2021\/03\/screenshot.png","type":"image\/png"}],"schema":{"@context":"https:\/\/schema.org","@graph":[{"@type":"WebPage","@id":"https:\/\/evicominfo.md\/ro\/politica-de-utilizare-cookie-uri\/","url":"https:\/\/evicominfo.md\/ro\/politica-de-utilizare-cookie-uri\/","name":"Politica de utilizare cookie-uri - EvicomInfo","isPartOf":{"@id":"https:\/\/evicominfo.md\/#website"},"datePublished":"2019-05-28T12:40:01+00:00","dateModified":"2019-08-03T08:53:10+00:00","description":"EvicomInfo","breadcrumb":{"@id":"https:\/\/evicominfo.md\/ro\/politica-de-utilizare-cookie-uri\/#breadcrumb"},"inLanguage":"ro-RO","potentialAction":[{"@type":"ReadAction","target":["https:\/\/evicominfo.md\/ro\/politica-de-utilizare-cookie-uri\/"]}]},{"@type":"BreadcrumbList","@id":"https:\/\/evicominfo.md\/ro\/politica-de-utilizare-cookie-uri\/#breadcrumb","itemListElement":[{"@type":"ListItem","position":1,"name":"Home","item":"https:\/\/evicominfo.md\/ro\/evicominfo\/"},{"@type":"ListItem","position":2,"name":"Politica de utilizare cookie-uri"}]},{"@type":"WebSite","@id":"https:\/\/evicominfo.md\/#website","url":"https:\/\/evicominfo.md\/","name":"EvicomInfo","description":"\u0420\u0435\u043a\u043b\u0430\u043c\u043d\u043e\u0435 \u0430\u0433\u0435\u043d\u0442\u0441\u0442\u0432\u043e","publisher":{"@id":"https:\/\/evicominfo.md\/#organization"},"potentialAction":[{"@type":"SearchAction","target":{"@type":"EntryPoint","urlTemplate":"https:\/\/evicominfo.md\/?s={search_term_string}"},"query-input":{"@type":"PropertyValueSpecification","valueRequired":true,"valueName":"search_term_string"}}],"inLanguage":"ro-RO"},{"@type":"Organization","@id":"https:\/\/evicominfo.md\/#organization","name":"Evicominfo","url":"https:\/\/evicominfo.md\/","logo":{"@type":"ImageObject","inLanguage":"ro-RO","@id":"https:\/\/evicominfo.md\/#\/schema\/logo\/image\/","url":"https:\/\/evicominfo.md\/wp-content\/uploads\/2020\/01\/logo.png","contentUrl":"https:\/\/evicominfo.md\/wp-content\/uploads\/2020\/01\/logo.png","width":500,"height":165,"caption":"Evicominfo"},"image":{"@id":"https:\/\/evicominfo.md\/#\/schema\/logo\/image\/"},"sameAs":["https:\/\/www.facebook.com\/evicominfo","https:\/\/www.instagram.com\/evicominfo\/"]}]}},"_links":{"self":[{"href":"https:\/\/evicominfo.md\/ro\/wp-json\/wp\/v2\/pages\/560"}],"collection":[{"href":"https:\/\/evicominfo.md\/ro\/wp-json\/wp\/v2\/pages"}],"about":[{"href":"https:\/\/evicominfo.md\/ro\/wp-json\/wp\/v2\/types\/page"}],"author":[{"embeddable":true,"href":"https:\/\/evicominfo.md\/ro\/wp-json\/wp\/v2\/users\/1"}],"replies":[{"embeddable":true,"href":"https:\/\/evicominfo.md\/ro\/wp-json\/wp\/v2\/comments?post=560"}],"version-history":[{"count":1,"href":"https:\/\/evicominfo.md\/ro\/wp-json\/wp\/v2\/pages\/560\/revisions"}],"predecessor-version":[{"id":561,"href":"https:\/\/evicominfo.md\/ro\/wp-json\/wp\/v2\/pages\/560\/revisions\/561"}],"wp:attachment":[{"href":"https:\/\/evicominfo.md\/ro\/wp-json\/wp\/v2\/media?parent=560"}],"curies":[{"name":"wp","href":"https:\/\/api.w.org\/{rel}","templated":true}]}}